{"id":12,"date":"2024-01-30T10:10:05","date_gmt":"2024-01-30T10:10:05","guid":{"rendered":"https:\/\/memorial.memplate.ee\/login\/"},"modified":"2024-03-13T17:02:04","modified_gmt":"2024-03-13T15:02:04","slug":"log-in","status":"publish","type":"page","link":"https:\/\/memorial.memplate.ee\/en\/log-in\/","title":{"rendered":"Log in"},"content":{"rendered":"<section class=\"bde-section-12-103 bde-section\">\n              \n  \n\t\n\n  <div class=\"section-background-overlay\"><\/div>\n\n\n<div class=\"section-container\"><h1 class=\"bde-heading-12-104 bde-heading\">\nLog in\n<\/h1><\/div>\n<\/section><section class=\"bde-section-12-100 bde-section\">\n  \n\t\n\n\n\n<div class=\"section-container\"><div class=\"bde-columns-12-105 bde-columns\"><div class=\"bde-column-12-108 bde-column\">\n  \n\t\n\n\n\n<div class=\"bde-div-12-109 bde-div\">\n  \n\t\n\n\n\n<div class=\"bde-rich-text-12-110 bde-rich-text breakdance-rich-text-styles\">\n<p>A profile is automatically created for you when you purchase a product. A unique link to your profile will be sent to your email address after a successful purchase. You will be able to set a password, fill in the unique profile URL and profile information. A QR code will be automatically linked to the unique profile URL.<\/p>\n<\/div>\n<\/div>\n<\/div><div class=\"bde-column-12-111 bde-column\">\n  \n\t\n\n\n\n<div class=\"bde-div-12-112 bde-div\">\n  \n\t\n\n\n\n<div class=\"bde-rich-text-12-113 bde-rich-text breakdance-rich-text-styles\">\n<p>If you have an account, you can log in to your profile.<\/p>\n<\/div>\n<\/div>\n<\/div><\/div><div class=\"bde-shortcode-12-101 bde-shortcode\">\n\n<div class=\"um um-login um-8\">\n\t<div class=\"um-form\">\n\t\t<form method=\"post\" action=\"\" autocomplete=\"off\" data-trp-original-action=\"\">\n\t\t\t<div class=\"um-row _um_row_1\" style=\"margin: 0 0 30px 0;\"><div class=\"um-col-1\"><div  id=\"um_field_8_username\" class=\"um-field um-field-text  um-field-username um-field-text um-field-type_text\" data-key=\"username\"><div class=\"um-field-label\"><label for=\"username-8\">E-mail address<\/label><div class=\"um-clear\"><\/div><\/div><div class=\"um-field-area\"><input  autocomplete=\"off\" class=\"um-form-field valid\" type=\"text\" name=\"username-8\" id=\"username-8\" value=\"\" placeholder=\"Add e-mail address\" data-validate=\"\" data-key=\"username\"  aria-invalid=\"false\" \/>\n\n\t\t\t\t\t\t<\/div><\/div><div  id=\"um_field_8_user_password\" class=\"um-field um-field-password  um-field-user_password um-field-password um-field-type_password\" data-key=\"user_password\"><div class=\"um-field-label\"><label for=\"user_password-8\">Password<\/label><span class=\"um-tip um-tip-w\" title=\"A profile is automatically created for you when you purchase a product. A unique link to your profile will be sent to your email address after a successful purchase. You will be able to set a password, fill in the unique profile URL and profile information. A QR code will be automatically linked to the unique profile URL.\"><i class=\"um-icon-help-circled\"><\/i><\/span><div class=\"um-clear\"><\/div><\/div><div class=\"um-field-area\"><div class=\"um-field-area-password\">\n\t\t\t\t\t\t\t\t\t<input class=\"um-form-field valid\" type=\"password\" name=\"user_password-8\" id=\"user_password-8\" value=\"\" placeholder=\"Enter password\" data-validate=\"\" data-key=\"user_password\"  aria-invalid=\"false\" \/>\n\t\t\t\t\t\t\t\t\t<span class=\"um-toggle-password\"><i class=\"um-icon-eye\"><\/i><\/span>\n\t\t\t\t\t\t\t\t<\/div>\n\t\t\t\t\t\t\t<\/div><\/div><\/div><\/div>\t<input type=\"hidden\" name=\"form_id\" id=\"form_id_8\" value=\"8\" \/>\n\t\t<p class=\"um_request_name\">\n\t\t<label for=\"um_request_8\">Only fill in if you are not human<\/label>\n\t\t<input type=\"hidden\" name=\"um_request\" id=\"um_request_8\" class=\"input\" value=\"\" size=\"25\" autocomplete=\"off\" \/>\n\t<\/p>\n\t<input type=\"hidden\" id=\"_wpnonce\" name=\"_wpnonce\" value=\"36ff1cb77b\" \/><input type=\"hidden\" name=\"_wp_http_referer\" value=\"\/en\/wp-json\/wp\/v2\/pages\/12\" \/>\n\t<div class=\"um-col-alt\">\n\n\t\t\n\n\t\t\t<div class=\"um-field um-field-c\">\n\t\t\t\t<div class=\"um-field-area\">\n\t\t\t\t\t<label class=\"um-field-checkbox\">\n\t\t\t\t\t\t<input type=\"checkbox\" name=\"rememberme\" value=\"1\"  \/>\n\t\t\t\t\t\t<span class=\"um-field-checkbox-state\"><i class=\"um-icon-android-checkbox-outline-blank\"><\/i><\/span>\n\t\t\t\t\t\t<span class=\"um-field-checkbox-option\"> Keep me signed in<\/span>\n\t\t\t\t\t<\/label>\n\t\t\t\t<\/div>\n\t\t\t<\/div>\n\n\t\t\t\t\t\t<div class=\"um-clear\"><\/div>\n\t\t\n\t\t\t<div class=\"um-left um-half\">\n\t\t\t\t<input type=\"submit\" value=\"Log in\" class=\"um-button\" id=\"um-submit-btn\" \/>\n\t\t\t<\/div>\n\t\t\t<div class=\"um-right um-half\">\n\t\t\t\t<a href=\"https:\/\/memorial.memplate.ee\/en\/shop\/\" class=\"um-button um-alt\">\n\t\t\t\t\tBuy product\t\t\t\t<\/a>\n\t\t\t<\/div>\n\n\t\t\n\t\t<div class=\"um-clear\"><\/div>\n\n\t<\/div>\n\n\t\n\t<div class=\"um-col-alt-b\">\n\t\t<a href=\"https:\/\/memorial.memplate.ee\/en\/lost-password\/\" class=\"um-link-alt\">\n\t\t\tForgot your password?\t\t<\/a>\n\t<\/div>\n\n\t\t\t<input type=\"hidden\" name=\"trp-form-language\" value=\"en\"\/><\/form>\n\t<\/div>\n<\/div>\n<style>\n\t\t\t.um-8.um {\n\t\t\tmax-width: 450px;\n\t\t}\n\t\t<\/style>\n\n<\/div><\/div>\n<\/section>","protected":false},"excerpt":{"rendered":"<p>Logi sisse Profiil luuakse Teile automaatselt, kui olete ostnud toote. Profiili unikaalne link saadetakse Teile e-posti aadressile peale edukat ostu sooritamist. Saate m\u00e4\u00e4rata endale parooli, saate unikaalse profiili URL-i ja profiili infoga \u00e4ra t\u00e4ita. QR koodiga seotakse unikaalne profiili URL automaatselt. Kui Teil on konto olemas, siis saate enda profiilile sisse logida. E-posti aadress Password [&hellip;]<\/p>\n","protected":false},"author":2,"featured_media":0,"parent":0,"menu_order":0,"comment_status":"closed","ping_status":"closed","template":"","meta":{"_acf_changed":false,"_breakdance_hide_in_design_set":false,"_breakdance_tags":"","footnotes":""},"class_list":["post-12","page","type-page","status-publish","hentry"],"acf":[],"_links":{"self":[{"href":"https:\/\/memorial.memplate.ee\/en\/wp-json\/wp\/v2\/pages\/12","targetHints":{"allow":["GET"]}}],"collection":[{"href":"https:\/\/memorial.memplate.ee\/en\/wp-json\/wp\/v2\/pages"}],"about":[{"href":"https:\/\/memorial.memplate.ee\/en\/wp-json\/wp\/v2\/types\/page"}],"author":[{"embeddable":true,"href":"https:\/\/memorial.memplate.ee\/en\/wp-json\/wp\/v2\/users\/2"}],"replies":[{"embeddable":true,"href":"https:\/\/memorial.memplate.ee\/en\/wp-json\/wp\/v2\/comments?post=12"}],"version-history":[{"count":9,"href":"https:\/\/memorial.memplate.ee\/en\/wp-json\/wp\/v2\/pages\/12\/revisions"}],"predecessor-version":[{"id":242,"href":"https:\/\/memorial.memplate.ee\/en\/wp-json\/wp\/v2\/pages\/12\/revisions\/242"}],"wp:attachment":[{"href":"https:\/\/memorial.memplate.ee\/en\/wp-json\/wp\/v2\/media?parent=12"}],"curies":[{"name":"wp","href":"https:\/\/api.w.org\/{rel}","templated":true}]}}