{"id":82,"date":"2024-02-05T12:36:14","date_gmt":"2024-02-05T10:36:14","guid":{"rendered":"https:\/\/memorial.memplate.ee\/?page_id=82"},"modified":"2024-03-13T16:46:45","modified_gmt":"2024-03-13T14:46:45","slug":"mostly","status":"publish","type":"page","link":"https:\/\/memorial.memplate.ee\/en\/mostly\/","title":{"rendered":"About us"},"content":{"rendered":"<section class=\"bde-section-82-100 bde-section\">\n              \n  \n\t\n\n  <div class=\"section-background-overlay\"><\/div>\n\n\n<div class=\"section-container\"><h1 class=\"bde-heading-82-101 bde-heading\">\nAbout us\n<\/h1><\/div>\n<\/section><section class=\"bde-section-82-102 bde-section\">\n  \n\t\n\n\n\n<div class=\"section-container\"><div class=\"bde-rich-text-82-103 bde-rich-text breakdance-rich-text-styles\">\n<p><span class=\"s2\">Memplate's vision is to create a world where preserving memories becomes a simple and meaningful experience. We want to be at the forefront of digital memory preservation, enabling people around the world to discover and share priceless heritage that helps strengthen the links between past, present and future.<\/span><span class=\"s2\"><br \/><\/span><span class=\"s2\"><br \/><\/span><span class=\"s2\">We want Memplate to become a platform where people can not only preserve memories, but also discover the rich stories and experiences that have shaped their families and communities. Our vision is to be a digital bridge between generations, where past lives become a living experience through modern technology.<\/span><span class=\"s4\"><br \/><\/span><span class=\"s4\"><br \/><\/span><span class=\"s2\">Memplate's mission is to support people in their grieving process by offering them the opportunity to preserve and share memories of lost loved ones through modern technological solutions. We want to create a platform where every memory can speak, filled with love and care.<\/span><span class=\"s2\">In addition to the mourning service, we want to broaden people's knowledge of their origins and past. <\/span><span class=\"s2\"><br \/><\/span><span class=\"s2\"><br \/><\/span><span class=\"s2\">Memplate is committed to enabling people to upload diverse material to create a more complete picture of the past. Our mission is to enrich family heritage by making it easy and accessible for everyone to capture their memories.We believe that our mission and vision contribute to making every memory a lasting treasure that connects people across time and generations.<\/span><span class=\"s2\"><br \/><\/span><\/p>\n<\/div><div class=\"bde-button-82-104 bde-button\">\n    \n                                    \n    \n    \n    \n    \n            \n                    \n            \n            \n\n    \n    \n    \n    \n    \n    <a class=\"breakdance-link button-atom button-atom--primary bde-button__button\" href=\"https:\/\/memplate.ee\" target=\"_blank\" data-type=\"url\" rel=\"noopener\">\n\n    \n        <span class=\"button-atom__text\">Our other products<\/span>\n\n        \n        \n                <\/a>\n\n    \n\n\n<\/div><\/div>\n<\/section>","protected":false},"excerpt":{"rendered":"<p>Meist Memplate&#8217;i visioon on luua maailm, kus m\u00e4lestuste s\u00e4ilitamine muutub lihtsaks ja t\u00e4hendusrikkaks kogemuseks. Tahame olla eestvedajad digitaalses m\u00e4lestuste j\u00e4\u00e4dvustamises, v\u00f5imaldades inimestel \u00fcle kogu maailma avastada ja jagada hindamatut p\u00e4randit, mis aitab tugevdada sidemeid mineviku, oleviku ja tuleviku vahel.Soovime, et Memplate saaks platvormiks, kus inimesed saavad mitte ainult m\u00e4lestusi s\u00e4ilitada, vaid ka avastada rikkalikke lugusid [&hellip;]<\/p>\n","protected":false},"author":2,"featured_media":0,"parent":0,"menu_order":0,"comment_status":"closed","ping_status":"closed","template":"","meta":{"_acf_changed":false,"_breakdance_hide_in_design_set":false,"_breakdance_tags":"","footnotes":""},"class_list":["post-82","page","type-page","status-publish","hentry"],"acf":[],"_links":{"self":[{"href":"https:\/\/memorial.memplate.ee\/en\/wp-json\/wp\/v2\/pages\/82","targetHints":{"allow":["GET"]}}],"collection":[{"href":"https:\/\/memorial.memplate.ee\/en\/wp-json\/wp\/v2\/pages"}],"about":[{"href":"https:\/\/memorial.memplate.ee\/en\/wp-json\/wp\/v2\/types\/page"}],"author":[{"embeddable":true,"href":"https:\/\/memorial.memplate.ee\/en\/wp-json\/wp\/v2\/users\/2"}],"replies":[{"embeddable":true,"href":"https:\/\/memorial.memplate.ee\/en\/wp-json\/wp\/v2\/comments?post=82"}],"version-history":[{"count":4,"href":"https:\/\/memorial.memplate.ee\/en\/wp-json\/wp\/v2\/pages\/82\/revisions"}],"predecessor-version":[{"id":232,"href":"https:\/\/memorial.memplate.ee\/en\/wp-json\/wp\/v2\/pages\/82\/revisions\/232"}],"wp:attachment":[{"href":"https:\/\/memorial.memplate.ee\/en\/wp-json\/wp\/v2\/media?parent=82"}],"curies":[{"name":"wp","href":"https:\/\/api.w.org\/{rel}","templated":true}]}}