{"id":12,"date":"2024-01-30T10:10:05","date_gmt":"2024-01-30T10:10:05","guid":{"rendered":"https:\/\/memorial.memplate.ee\/login\/"},"modified":"2024-03-13T17:02:04","modified_gmt":"2024-03-13T15:02:04","slug":"%d0%b2%d0%be%d0%b9%d1%82%d0%b8-%d0%b2-%d1%81%d0%b8%d1%81%d1%82%d0%b5%d0%bc%d1%83","status":"publish","type":"page","link":"https:\/\/memorial.memplate.ee\/ru\/%d0%b2%d0%be%d0%b9%d1%82%d0%b8-%d0%b2-%d1%81%d0%b8%d1%81%d1%82%d0%b5%d0%bc%d1%83\/","title":{"rendered":"\u0412\u043e\u0439\u0442\u0438"},"content":{"rendered":"<section class=\"bde-section-12-103 bde-section\">\n              \n  \n\t\n\n  <div class=\"section-background-overlay\"><\/div>\n\n\n<div class=\"section-container\"><h1 class=\"bde-heading-12-104 bde-heading\">\n\u0412\u043e\u0439\u0442\u0438\n<\/h1><\/div>\n<\/section><section class=\"bde-section-12-100 bde-section\">\n  \n\t\n\n\n\n<div class=\"section-container\"><div class=\"bde-columns-12-105 bde-columns\"><div class=\"bde-column-12-108 bde-column\">\n  \n\t\n\n\n\n<div class=\"bde-div-12-109 bde-div\">\n  \n\t\n\n\n\n<div class=\"bde-rich-text-12-110 bde-rich-text breakdance-rich-text-styles\">\n<p>\u041f\u0440\u043e\u0444\u0438\u043b\u044c \u0430\u0432\u0442\u043e\u043c\u0430\u0442\u0438\u0447\u0435\u0441\u043a\u0438 \u0441\u043e\u0437\u0434\u0430\u0435\u0442\u0441\u044f \u0434\u043b\u044f \u0432\u0430\u0441 \u043f\u0440\u0438 \u043f\u043e\u043a\u0443\u043f\u043a\u0435 \u043f\u0440\u043e\u0434\u0443\u043a\u0442\u0430. \u0423\u043d\u0438\u043a\u0430\u043b\u044c\u043d\u0430\u044f \u0441\u0441\u044b\u043b\u043a\u0430 \u043d\u0430 \u0432\u0430\u0448 \u043f\u0440\u043e\u0444\u0438\u043b\u044c \u0431\u0443\u0434\u0435\u0442 \u043e\u0442\u043f\u0440\u0430\u0432\u043b\u0435\u043d\u0430 \u043d\u0430 \u0432\u0430\u0448 \u0430\u0434\u0440\u0435\u0441 \u044d\u043b\u0435\u043a\u0442\u0440\u043e\u043d\u043d\u043e\u0439 \u043f\u043e\u0447\u0442\u044b \u043f\u043e\u0441\u043b\u0435 \u0443\u0441\u043f\u0435\u0448\u043d\u043e\u0439 \u043f\u043e\u043a\u0443\u043f\u043a\u0438. \u0412\u044b \u0441\u043c\u043e\u0436\u0435\u0442\u0435 \u0443\u0441\u0442\u0430\u043d\u043e\u0432\u0438\u0442\u044c \u043f\u0430\u0440\u043e\u043b\u044c, \u0437\u0430\u043f\u043e\u043b\u043d\u0438\u0442\u044c \u0443\u043d\u0438\u043a\u0430\u043b\u044c\u043d\u044b\u0439 URL-\u0430\u0434\u0440\u0435\u0441 \u043f\u0440\u043e\u0444\u0438\u043b\u044f \u0438 \u0438\u043d\u0444\u043e\u0440\u043c\u0430\u0446\u0438\u044e \u043e \u043f\u0440\u043e\u0444\u0438\u043b\u0435. \u041a \u0443\u043d\u0438\u043a\u0430\u043b\u044c\u043d\u043e\u043c\u0443 URL-\u0430\u0434\u0440\u0435\u0441\u0443 \u043f\u0440\u043e\u0444\u0438\u043b\u044f \u0431\u0443\u0434\u0435\u0442 \u0430\u0432\u0442\u043e\u043c\u0430\u0442\u0438\u0447\u0435\u0441\u043a\u0438 \u043f\u0440\u0438\u0432\u044f\u0437\u0430\u043d QR-\u043a\u043e\u0434.<\/p>\n<\/div>\n<\/div>\n<\/div><div class=\"bde-column-12-111 bde-column\">\n  \n\t\n\n\n\n<div class=\"bde-div-12-112 bde-div\">\n  \n\t\n\n\n\n<div class=\"bde-rich-text-12-113 bde-rich-text breakdance-rich-text-styles\">\n<p>\u0415\u0441\u043b\u0438 \u0443 \u0432\u0430\u0441 \u0435\u0441\u0442\u044c \u0443\u0447\u0435\u0442\u043d\u0430\u044f \u0437\u0430\u043f\u0438\u0441\u044c, \u0432\u044b \u043c\u043e\u0436\u0435\u0442\u0435 \u0432\u043e\u0439\u0442\u0438 \u0432 \u0441\u0432\u043e\u0439 \u043f\u0440\u043e\u0444\u0438\u043b\u044c.<\/p>\n<\/div>\n<\/div>\n<\/div><\/div><div class=\"bde-shortcode-12-101 bde-shortcode\">\n\n<div class=\"um um-login um-8\">\n\t<div class=\"um-form\">\n\t\t<form method=\"post\" action=\"\" autocomplete=\"off\" data-trp-original-action=\"\">\n\t\t\t<div class=\"um-row _um_row_1\" style=\"margin: 0 0 30px 0;\"><div class=\"um-col-1\"><div  id=\"um_field_8_username\" class=\"um-field um-field-text  um-field-username um-field-text um-field-type_text\" data-key=\"username\"><div class=\"um-field-label\"><label for=\"username-8\">\u0410\u0434\u0440\u0435\u0441 \u044d\u043b\u0435\u043a\u0442\u0440\u043e\u043d\u043d\u043e\u0439 \u043f\u043e\u0447\u0442\u044b<\/label><div class=\"um-clear\"><\/div><\/div><div class=\"um-field-area\"><input  autocomplete=\"off\" class=\"um-form-field valid\" type=\"text\" name=\"username-8\" id=\"username-8\" value=\"\" placeholder=\"\u0414\u043e\u0431\u0430\u0432\u0438\u0442\u044c \u0430\u0434\u0440\u0435\u0441 \u044d\u043b\u0435\u043a\u0442\u0440\u043e\u043d\u043d\u043e\u0439 \u043f\u043e\u0447\u0442\u044b\" data-validate=\"\" data-key=\"username\"  aria-invalid=\"false\" \/>\n\n\t\t\t\t\t\t<\/div><\/div><div  id=\"um_field_8_user_password\" class=\"um-field um-field-password  um-field-user_password um-field-password um-field-type_password\" data-key=\"user_password\"><div class=\"um-field-label\"><label for=\"user_password-8\">\u041f\u0430\u0440\u043e\u043b\u044c<\/label><span class=\"um-tip um-tip-w\" title=\"\u041f\u0440\u043e\u0444\u0438\u043b\u044c \u0430\u0432\u0442\u043e\u043c\u0430\u0442\u0438\u0447\u0435\u0441\u043a\u0438 \u0441\u043e\u0437\u0434\u0430\u0435\u0442\u0441\u044f \u0434\u043b\u044f \u0432\u0430\u0441 \u043f\u0440\u0438 \u043f\u043e\u043a\u0443\u043f\u043a\u0435 \u043f\u0440\u043e\u0434\u0443\u043a\u0442\u0430. \u0423\u043d\u0438\u043a\u0430\u043b\u044c\u043d\u0430\u044f \u0441\u0441\u044b\u043b\u043a\u0430 \u043d\u0430 \u0432\u0430\u0448 \u043f\u0440\u043e\u0444\u0438\u043b\u044c \u0431\u0443\u0434\u0435\u0442 \u043e\u0442\u043f\u0440\u0430\u0432\u043b\u0435\u043d\u0430 \u043d\u0430 \u0432\u0430\u0448 \u0430\u0434\u0440\u0435\u0441 \u044d\u043b\u0435\u043a\u0442\u0440\u043e\u043d\u043d\u043e\u0439 \u043f\u043e\u0447\u0442\u044b \u043f\u043e\u0441\u043b\u0435 \u0443\u0441\u043f\u0435\u0448\u043d\u043e\u0439 \u043f\u043e\u043a\u0443\u043f\u043a\u0438. \u0412\u044b \u0441\u043c\u043e\u0436\u0435\u0442\u0435 \u0443\u0441\u0442\u0430\u043d\u043e\u0432\u0438\u0442\u044c \u043f\u0430\u0440\u043e\u043b\u044c, \u0437\u0430\u043f\u043e\u043b\u043d\u0438\u0442\u044c \u0443\u043d\u0438\u043a\u0430\u043b\u044c\u043d\u044b\u0439 URL-\u0430\u0434\u0440\u0435\u0441 \u043f\u0440\u043e\u0444\u0438\u043b\u044f \u0438 \u0438\u043d\u0444\u043e\u0440\u043c\u0430\u0446\u0438\u044e \u043e \u043f\u0440\u043e\u0444\u0438\u043b\u0435. \u041a \u0443\u043d\u0438\u043a\u0430\u043b\u044c\u043d\u043e\u043c\u0443 URL-\u0430\u0434\u0440\u0435\u0441\u0443 \u043f\u0440\u043e\u0444\u0438\u043b\u044f \u0431\u0443\u0434\u0435\u0442 \u0430\u0432\u0442\u043e\u043c\u0430\u0442\u0438\u0447\u0435\u0441\u043a\u0438 \u043f\u0440\u0438\u0432\u044f\u0437\u0430\u043d QR-\u043a\u043e\u0434.\"><i class=\"um-icon-help-circled\"><\/i><\/span><div class=\"um-clear\"><\/div><\/div><div class=\"um-field-area\"><div class=\"um-field-area-password\">\n\t\t\t\t\t\t\t\t\t<input class=\"um-form-field valid\" type=\"password\" name=\"user_password-8\" id=\"user_password-8\" value=\"\" placeholder=\"\u0412\u0432\u0435\u0434\u0438\u0442\u0435 \u043f\u0430\u0440\u043e\u043b\u044c\" data-validate=\"\" data-key=\"user_password\"  aria-invalid=\"false\" \/>\n\t\t\t\t\t\t\t\t\t<span class=\"um-toggle-password\"><i class=\"um-icon-eye\"><\/i><\/span>\n\t\t\t\t\t\t\t\t<\/div>\n\t\t\t\t\t\t\t<\/div><\/div><\/div><\/div>\t<input type=\"hidden\" name=\"form_id\" id=\"form_id_8\" value=\"8\" \/>\n\t\t<p class=\"um_request_name\">\n\t\t<label for=\"um_request_8\">\u0417\u0430\u043f\u043e\u043b\u043d\u044f\u0439\u0442\u0435, \u0442\u043e\u043b\u044c\u043a\u043e \u0435\u0441\u043b\u0438 \u0432\u044b \u043d\u0435 \u0447\u0435\u043b\u043e\u0432\u0435\u043a<\/label>\n\t\t<input type=\"hidden\" name=\"um_request\" id=\"um_request_8\" class=\"input\" value=\"\" size=\"25\" autocomplete=\"off\" \/>\n\t<\/p>\n\t<input type=\"hidden\" id=\"_wpnonce\" name=\"_wpnonce\" value=\"36ff1cb77b\" \/><input type=\"hidden\" name=\"_wp_http_referer\" value=\"\/ru\/wp-json\/wp\/v2\/pages\/12\" \/>\n\t<div class=\"um-col-alt\">\n\n\t\t\n\n\t\t\t<div class=\"um-field um-field-c\">\n\t\t\t\t<div class=\"um-field-area\">\n\t\t\t\t\t<label class=\"um-field-checkbox\">\n\t\t\t\t\t\t<input type=\"checkbox\" name=\"rememberme\" value=\"1\"  \/>\n\t\t\t\t\t\t<span class=\"um-field-checkbox-state\"><i class=\"um-icon-android-checkbox-outline-blank\"><\/i><\/span>\n\t\t\t\t\t\t<span class=\"um-field-checkbox-option\"> \u041f\u043e\u043c\u043d\u0438 \u043c\u0435\u043d\u044f<\/span>\n\t\t\t\t\t<\/label>\n\t\t\t\t<\/div>\n\t\t\t<\/div>\n\n\t\t\t\t\t\t<div class=\"um-clear\"><\/div>\n\t\t\n\t\t\t<div class=\"um-left um-half\">\n\t\t\t\t<input type=\"submit\" value=\"\u0412\u043e\u0439\u0442\u0438\" class=\"um-button\" id=\"um-submit-btn\" \/>\n\t\t\t<\/div>\n\t\t\t<div class=\"um-right um-half\">\n\t\t\t\t<a href=\"https:\/\/memorial.memplate.ee\/ru\/%d0%bc%d0%b0%d0%b3%d0%b0%d0%b7%d0%b8%d0%bd\/\" class=\"um-button um-alt\">\n\t\t\t\t\t\u041a\u0443\u043f\u0438\u0442\u044c \u0442\u043e\u0432\u0430\u0440\t\t\t\t<\/a>\n\t\t\t<\/div>\n\n\t\t\n\t\t<div class=\"um-clear\"><\/div>\n\n\t<\/div>\n\n\t\n\t<div class=\"um-col-alt-b\">\n\t\t<a href=\"https:\/\/memorial.memplate.ee\/ru\/%d0%bf%d0%be%d1%82%d0%b5%d1%80%d1%8f%d0%bd%d0%bd%d1%8b%d0%b9-%d0%bf%d0%b0%d1%80%d0%be%d0%bb%d1%8c\/\" class=\"um-link-alt\">\n\t\t\t\u0417\u0430\u0431\u044b\u043b\u0438 \u043f\u0430\u0440\u043e\u043b\u044c?\t\t<\/a>\n\t<\/div>\n\n\t\t\t<input type=\"hidden\" name=\"trp-form-language\" value=\"ru\"\/><\/form>\n\t<\/div>\n<\/div>\n<style>\n\t\t\t.um-8.um {\n\t\t\tmax-width: 450px;\n\t\t}\n\t\t<\/style>\n\n<\/div><\/div>\n<\/section>","protected":false},"excerpt":{"rendered":"<p>Logi sisse Profiil luuakse Teile automaatselt, kui olete ostnud toote. Profiili unikaalne link saadetakse Teile e-posti aadressile peale edukat ostu sooritamist. Saate m\u00e4\u00e4rata endale parooli, saate unikaalse profiili URL-i ja profiili infoga \u00e4ra t\u00e4ita. QR koodiga seotakse unikaalne profiili URL automaatselt. Kui Teil on konto olemas, siis saate enda profiilile sisse logida. E-posti aadress \u041f\u0430\u0440\u043e\u043b\u044c [&hellip;]<\/p>\n","protected":false},"author":2,"featured_media":0,"parent":0,"menu_order":0,"comment_status":"closed","ping_status":"closed","template":"","meta":{"_acf_changed":false,"_breakdance_hide_in_design_set":false,"_breakdance_tags":"","footnotes":""},"class_list":["post-12","page","type-page","status-publish","hentry"],"acf":[],"_links":{"self":[{"href":"https:\/\/memorial.memplate.ee\/ru\/wp-json\/wp\/v2\/pages\/12","targetHints":{"allow":["GET"]}}],"collection":[{"href":"https:\/\/memorial.memplate.ee\/ru\/wp-json\/wp\/v2\/pages"}],"about":[{"href":"https:\/\/memorial.memplate.ee\/ru\/wp-json\/wp\/v2\/types\/page"}],"author":[{"embeddable":true,"href":"https:\/\/memorial.memplate.ee\/ru\/wp-json\/wp\/v2\/users\/2"}],"replies":[{"embeddable":true,"href":"https:\/\/memorial.memplate.ee\/ru\/wp-json\/wp\/v2\/comments?post=12"}],"version-history":[{"count":9,"href":"https:\/\/memorial.memplate.ee\/ru\/wp-json\/wp\/v2\/pages\/12\/revisions"}],"predecessor-version":[{"id":242,"href":"https:\/\/memorial.memplate.ee\/ru\/wp-json\/wp\/v2\/pages\/12\/revisions\/242"}],"wp:attachment":[{"href":"https:\/\/memorial.memplate.ee\/ru\/wp-json\/wp\/v2\/media?parent=12"}],"curies":[{"name":"wp","href":"https:\/\/api.w.org\/{rel}","templated":true}]}}