{"id":82,"date":"2024-02-05T12:36:14","date_gmt":"2024-02-05T10:36:14","guid":{"rendered":"https:\/\/memorial.memplate.ee\/?page_id=82"},"modified":"2024-03-13T16:46:45","modified_gmt":"2024-03-13T14:46:45","slug":"%d0%b2-%d0%be%d1%81%d0%bd%d0%be%d0%b2%d0%bd%d0%be%d0%bc","status":"publish","type":"page","link":"https:\/\/memorial.memplate.ee\/ru\/%d0%b2-%d0%be%d1%81%d0%bd%d0%be%d0%b2%d0%bd%d0%be%d0%bc\/","title":{"rendered":"\u041e \u043d\u0430\u0441"},"content":{"rendered":"<section class=\"bde-section-82-100 bde-section\">\n              \n  \n\t\n\n  <div class=\"section-background-overlay\"><\/div>\n\n\n<div class=\"section-container\"><h1 class=\"bde-heading-82-101 bde-heading\">\n\u041e \u043d\u0430\u0441\n<\/h1><\/div>\n<\/section><section class=\"bde-section-82-102 bde-section\">\n  \n\t\n\n\n\n<div class=\"section-container\"><div class=\"bde-rich-text-82-103 bde-rich-text breakdance-rich-text-styles\">\n<p><span class=\"s2\">\u0426\u0435\u043b\u044c Memplate - \u0441\u043e\u0437\u0434\u0430\u0442\u044c \u043c\u0438\u0440, \u0432 \u043a\u043e\u0442\u043e\u0440\u043e\u043c \u0441\u043e\u0445\u0440\u0430\u043d\u0435\u043d\u0438\u0435 \u0432\u043e\u0441\u043f\u043e\u043c\u0438\u043d\u0430\u043d\u0438\u0439 \u0441\u0442\u0430\u043d\u0435\u0442 \u043f\u0440\u043e\u0441\u0442\u044b\u043c \u0438 \u043e\u0441\u043c\u044b\u0441\u043b\u0435\u043d\u043d\u044b\u043c \u0437\u0430\u043d\u044f\u0442\u0438\u0435\u043c. \u041c\u044b \u0445\u043e\u0442\u0438\u043c \u0431\u044b\u0442\u044c \u0432 \u0430\u0432\u0430\u043d\u0433\u0430\u0440\u0434\u0435 \u0446\u0438\u0444\u0440\u043e\u0432\u043e\u0433\u043e \u0441\u043e\u0445\u0440\u0430\u043d\u0435\u043d\u0438\u044f \u043f\u0430\u043c\u044f\u0442\u0438, \u043f\u043e\u0437\u0432\u043e\u043b\u044f\u044f \u043b\u044e\u0434\u044f\u043c \u043f\u043e \u0432\u0441\u0435\u043c\u0443 \u043c\u0438\u0440\u0443 \u043e\u0442\u043a\u0440\u044b\u0432\u0430\u0442\u044c \u0438 \u0434\u0435\u043b\u0438\u0442\u044c\u0441\u044f \u0431\u0435\u0441\u0446\u0435\u043d\u043d\u044b\u043c \u043d\u0430\u0441\u043b\u0435\u0434\u0438\u0435\u043c, \u043a\u043e\u0442\u043e\u0440\u043e\u0435 \u043f\u043e\u043c\u043e\u0433\u0430\u0435\u0442 \u0443\u043a\u0440\u0435\u043f\u0438\u0442\u044c \u0441\u0432\u044f\u0437\u0438 \u043c\u0435\u0436\u0434\u0443 \u043f\u0440\u043e\u0448\u043b\u044b\u043c, \u043d\u0430\u0441\u0442\u043e\u044f\u0449\u0438\u043c \u0438 \u0431\u0443\u0434\u0443\u0449\u0438\u043c.<\/span><span class=\"s2\"><br \/><\/span><span class=\"s2\"><br \/><\/span><span class=\"s2\">\u041c\u044b \u0445\u043e\u0442\u0438\u043c, \u0447\u0442\u043e\u0431\u044b Memplate \u0441\u0442\u0430\u043b \u043f\u043b\u0430\u0442\u0444\u043e\u0440\u043c\u043e\u0439, \u0433\u0434\u0435 \u043b\u044e\u0434\u0438 \u043c\u043e\u0433\u0443\u0442 \u043d\u0435 \u0442\u043e\u043b\u044c\u043a\u043e \u0441\u043e\u0445\u0440\u0430\u043d\u044f\u0442\u044c \u0432\u043e\u0441\u043f\u043e\u043c\u0438\u043d\u0430\u043d\u0438\u044f, \u043d\u043e \u0438 \u043e\u0442\u043a\u0440\u044b\u0432\u0430\u0442\u044c \u0434\u043b\u044f \u0441\u0435\u0431\u044f \u0431\u043e\u0433\u0430\u0442\u044b\u0435 \u0438\u0441\u0442\u043e\u0440\u0438\u0438 \u0438 \u043e\u043f\u044b\u0442, \u043a\u043e\u0442\u043e\u0440\u044b\u0435 \u0441\u0444\u043e\u0440\u043c\u0438\u0440\u043e\u0432\u0430\u043b\u0438 \u0438\u0445 \u0441\u0435\u043c\u044c\u0438 \u0438 \u0441\u043e\u043e\u0431\u0449\u0435\u0441\u0442\u0432\u0430. \u041c\u044b \u0445\u043e\u0442\u0438\u043c \u0441\u0442\u0430\u0442\u044c \u0446\u0438\u0444\u0440\u043e\u0432\u044b\u043c \u043c\u043e\u0441\u0442\u043e\u043c \u043c\u0435\u0436\u0434\u0443 \u043f\u043e\u043a\u043e\u043b\u0435\u043d\u0438\u044f\u043c\u0438, \u0433\u0434\u0435 \u043f\u0440\u043e\u0448\u043b\u044b\u0435 \u0436\u0438\u0437\u043d\u0438 \u0441\u0442\u0430\u043d\u043e\u0432\u044f\u0442\u0441\u044f \u0436\u0438\u0432\u044b\u043c \u043e\u043f\u044b\u0442\u043e\u043c \u0431\u043b\u0430\u0433\u043e\u0434\u0430\u0440\u044f \u0441\u043e\u0432\u0440\u0435\u043c\u0435\u043d\u043d\u044b\u043c \u0442\u0435\u0445\u043d\u043e\u043b\u043e\u0433\u0438\u044f\u043c.<\/span><span class=\"s4\"><br \/><\/span><span class=\"s4\"><br \/><\/span><span class=\"s2\">\u041c\u0438\u0441\u0441\u0438\u044f Memplate - \u043f\u043e\u0434\u0434\u0435\u0440\u0436\u0430\u0442\u044c \u043b\u044e\u0434\u0435\u0439 \u0432 \u043f\u0440\u043e\u0446\u0435\u0441\u0441\u0435 \u0433\u043e\u0440\u0435\u0432\u0430\u043d\u0438\u044f, \u043f\u0440\u0435\u0434\u043e\u0441\u0442\u0430\u0432\u0438\u0432 \u0438\u043c \u0432\u043e\u0437\u043c\u043e\u0436\u043d\u043e\u0441\u0442\u044c \u0441\u043e\u0445\u0440\u0430\u043d\u044f\u0442\u044c \u0438 \u0434\u0435\u043b\u0438\u0442\u044c\u0441\u044f \u0432\u043e\u0441\u043f\u043e\u043c\u0438\u043d\u0430\u043d\u0438\u044f\u043c\u0438 \u043e \u043f\u043e\u0442\u0435\u0440\u044f\u043d\u043d\u044b\u0445 \u0431\u043b\u0438\u0437\u043a\u0438\u0445 \u0441 \u043f\u043e\u043c\u043e\u0449\u044c\u044e \u0441\u043e\u0432\u0440\u0435\u043c\u0435\u043d\u043d\u044b\u0445 \u0442\u0435\u0445\u043d\u043e\u043b\u043e\u0433\u0438\u0447\u0435\u0441\u043a\u0438\u0445 \u0440\u0435\u0448\u0435\u043d\u0438\u0439. \u041c\u044b \u0445\u043e\u0442\u0438\u043c \u0441\u043e\u0437\u0434\u0430\u0442\u044c \u043f\u043b\u0430\u0442\u0444\u043e\u0440\u043c\u0443, \u0433\u0434\u0435 \u043a\u0430\u0436\u0434\u043e\u0435 \u0432\u043e\u0441\u043f\u043e\u043c\u0438\u043d\u0430\u043d\u0438\u0435 \u043c\u043e\u0436\u0435\u0442 \u0433\u043e\u0432\u043e\u0440\u0438\u0442\u044c, \u043d\u0430\u043f\u043e\u043b\u043d\u0435\u043d\u043d\u043e\u0435 \u043b\u044e\u0431\u043e\u0432\u044c\u044e \u0438 \u0437\u0430\u0431\u043e\u0442\u043e\u0439.<\/span><span class=\"s2\">\u041f\u043e\u043c\u0438\u043c\u043e \u0442\u0440\u0430\u0443\u0440\u043d\u043e\u0439 \u0441\u043b\u0443\u0436\u0431\u044b, \u043c\u044b \u0445\u043e\u0442\u0438\u043c \u0440\u0430\u0441\u0448\u0438\u0440\u0438\u0442\u044c \u0437\u043d\u0430\u043d\u0438\u044f \u043b\u044e\u0434\u0435\u0439 \u043e\u0431 \u0438\u0445 \u043f\u0440\u043e\u0438\u0441\u0445\u043e\u0436\u0434\u0435\u043d\u0438\u0438 \u0438 \u043f\u0440\u043e\u0448\u043b\u043e\u043c. <\/span><span class=\"s2\"><br \/><\/span><span class=\"s2\"><br \/><\/span><span class=\"s2\">\u041a\u043e\u043c\u043f\u0430\u043d\u0438\u044f Memplate \u0441\u0442\u0440\u0435\u043c\u0438\u0442\u0441\u044f \u043f\u0440\u0435\u0434\u043e\u0441\u0442\u0430\u0432\u0438\u0442\u044c \u043b\u044e\u0434\u044f\u043c \u0432\u043e\u0437\u043c\u043e\u0436\u043d\u043e\u0441\u0442\u044c \u0437\u0430\u0433\u0440\u0443\u0436\u0430\u0442\u044c \u0440\u0430\u0437\u043b\u0438\u0447\u043d\u044b\u0435 \u043c\u0430\u0442\u0435\u0440\u0438\u0430\u043b\u044b \u0434\u043b\u044f \u0441\u043e\u0437\u0434\u0430\u043d\u0438\u044f \u0431\u043e\u043b\u0435\u0435 \u043f\u043e\u043b\u043d\u043e\u0439 \u043a\u0430\u0440\u0442\u0438\u043d\u044b \u043f\u0440\u043e\u0448\u043b\u043e\u0433\u043e. \u041d\u0430\u0448\u0430 \u043c\u0438\u0441\u0441\u0438\u044f - \u043e\u0431\u043e\u0433\u0430\u0442\u0438\u0442\u044c \u0441\u0435\u043c\u0435\u0439\u043d\u043e\u0435 \u043d\u0430\u0441\u043b\u0435\u0434\u0438\u0435, \u0441\u0434\u0435\u043b\u0430\u0432 \u0435\u0433\u043e \u043f\u0440\u043e\u0441\u0442\u044b\u043c \u0438 \u0434\u043e\u0441\u0442\u0443\u043f\u043d\u044b\u043c \u0434\u043b\u044f \u043a\u0430\u0436\u0434\u043e\u0433\u043e, \u0447\u0442\u043e\u0431\u044b \u0437\u0430\u043f\u0435\u0447\u0430\u0442\u043b\u0435\u0442\u044c \u0441\u0432\u043e\u0438 \u0432\u043e\u0441\u043f\u043e\u043c\u0438\u043d\u0430\u043d\u0438\u044f. \u041c\u044b \u0432\u0435\u0440\u0438\u043c, \u0447\u0442\u043e \u043d\u0430\u0448\u0430 \u043c\u0438\u0441\u0441\u0438\u044f \u0438 \u0432\u0438\u0434\u0435\u043d\u0438\u0435 \u0441\u043f\u043e\u0441\u043e\u0431\u0441\u0442\u0432\u0443\u044e\u0442 \u0442\u043e\u043c\u0443, \u0447\u0442\u043e\u0431\u044b \u043a\u0430\u0436\u0434\u043e\u0435 \u0432\u043e\u0441\u043f\u043e\u043c\u0438\u043d\u0430\u043d\u0438\u0435 \u0441\u0442\u0430\u043b\u043e \u043d\u0435\u043f\u0440\u0435\u0445\u043e\u0434\u044f\u0449\u0438\u043c \u0441\u043e\u043a\u0440\u043e\u0432\u0438\u0449\u0435\u043c, \u043a\u043e\u0442\u043e\u0440\u043e\u0435 \u043e\u0431\u044a\u0435\u0434\u0438\u043d\u044f\u0435\u0442 \u043b\u044e\u0434\u0435\u0439 \u0432\u043e \u0432\u0440\u0435\u043c\u0435\u043d\u0438 \u0438 \u043f\u043e\u043a\u043e\u043b\u0435\u043d\u0438\u044f\u0445.<\/span><span class=\"s2\"><br \/><\/span><\/p>\n<\/div><div class=\"bde-button-82-104 bde-button\">\n    \n                                    \n    \n    \n    \n    \n            \n                    \n            \n            \n\n    \n    \n    \n    \n    \n    <a class=\"breakdance-link button-atom button-atom--primary bde-button__button\" href=\"https:\/\/memplate.ee\" target=\"_blank\" data-type=\"url\" rel=\"noopener\">\n\n    \n        <span class=\"button-atom__text\">\u0414\u0440\u0443\u0433\u0438\u0435 \u043d\u0430\u0448\u0438 \u043f\u0440\u043e\u0434\u0443\u043a\u0442\u044b<\/span>\n\n        \n        \n                <\/a>\n\n    \n\n\n<\/div><\/div>\n<\/section>","protected":false},"excerpt":{"rendered":"<p>Meist Memplate&#8217;i visioon on luua maailm, kus m\u00e4lestuste s\u00e4ilitamine muutub lihtsaks ja t\u00e4hendusrikkaks kogemuseks. Tahame olla eestvedajad digitaalses m\u00e4lestuste j\u00e4\u00e4dvustamises, v\u00f5imaldades inimestel \u00fcle kogu maailma avastada ja jagada hindamatut p\u00e4randit, mis aitab tugevdada sidemeid mineviku, oleviku ja tuleviku vahel.Soovime, et Memplate saaks platvormiks, kus inimesed saavad mitte ainult m\u00e4lestusi s\u00e4ilitada, vaid ka avastada rikkalikke lugusid [&hellip;]<\/p>\n","protected":false},"author":2,"featured_media":0,"parent":0,"menu_order":0,"comment_status":"closed","ping_status":"closed","template":"","meta":{"_acf_changed":false,"_breakdance_hide_in_design_set":false,"_breakdance_tags":"","footnotes":""},"class_list":["post-82","page","type-page","status-publish","hentry"],"acf":[],"_links":{"self":[{"href":"https:\/\/memorial.memplate.ee\/ru\/wp-json\/wp\/v2\/pages\/82","targetHints":{"allow":["GET"]}}],"collection":[{"href":"https:\/\/memorial.memplate.ee\/ru\/wp-json\/wp\/v2\/pages"}],"about":[{"href":"https:\/\/memorial.memplate.ee\/ru\/wp-json\/wp\/v2\/types\/page"}],"author":[{"embeddable":true,"href":"https:\/\/memorial.memplate.ee\/ru\/wp-json\/wp\/v2\/users\/2"}],"replies":[{"embeddable":true,"href":"https:\/\/memorial.memplate.ee\/ru\/wp-json\/wp\/v2\/comments?post=82"}],"version-history":[{"count":4,"href":"https:\/\/memorial.memplate.ee\/ru\/wp-json\/wp\/v2\/pages\/82\/revisions"}],"predecessor-version":[{"id":232,"href":"https:\/\/memorial.memplate.ee\/ru\/wp-json\/wp\/v2\/pages\/82\/revisions\/232"}],"wp:attachment":[{"href":"https:\/\/memorial.memplate.ee\/ru\/wp-json\/wp\/v2\/media?parent=82"}],"curies":[{"name":"wp","href":"https:\/\/api.w.org\/{rel}","templated":true}]}}